{"id":1372,"date":"2021-06-09T13:06:51","date_gmt":"2021-06-09T13:06:51","guid":{"rendered":"https:\/\/www.supportershoppen.no\/mjosen-skog\/?post_type=product&#038;p=1372"},"modified":"2025-11-21T07:07:46","modified_gmt":"2025-11-21T07:07:46","slug":"genser-x-fit-bestselger","status":"publish","type":"product","link":"https:\/\/www.supportershoppen.no\/glommenmjosen-skog\/produkt\/genser-x-fit-bestselger\/","title":{"rendered":"Stihl Genser, X-Fit m\/Glommen Mj\u00f8sen Skog logo (Bestselger!)"},"content":{"rendered":"","protected":false},"excerpt":{"rendered":"<p>Genser, X-Fit med brodert Glommen Mj\u00f8sen Skog logo p\u00e5 front. Denne genseren er veldig popul\u00e6r. Holder deg garantert varm.<\/p>\n<p>Varm, myk og fin strikket genser i 100 % ull. Med h\u00f8y hals, borrel\u00e5s, tommelhull i ermet og forsterkninger i Keprotec p\u00e5 albuene.<\/p>\n<p>Farge antrasit. St\u00f8rrelse S-XXL.<\/p>\n","protected":false},"featured_media":1367,"template":"","meta":{"site-sidebar-layout":"default","site-content-layout":"default","ast-site-content-layout":"default","site-content-style":"default","site-sidebar-style":"default","ast-global-header-display":"","ast-banner-title-visibility":"","ast-main-header-display":"","ast-hfb-above-header-display":"","ast-hfb-below-header-display":"","ast-hfb-mobile-header-display":"","site-post-title":"","ast-breadcrumbs-content":"","ast-featured-img":"","footer-sml-layout":"","ast-disable-related-posts":"","theme-transparent-header-meta":"default","adv-header-id-meta":"","stick-header-meta":"","header-above-stick-meta":"","header-main-stick-meta":"","header-below-stick-meta":"","astra-migrate-meta-layouts":"set","ast-page-background-enabled":"default","ast-page-background-meta":{"desktop":{"background-color":"","background-image":"","background-repeat":"repeat","background-position":"center center","background-size":"auto","background-attachment":"scroll","background-type":"","background-media":"","overlay-type":"","overlay-color":"","overlay-opacity":"","overlay-gradient":""},"tablet":{"background-color":"","background-image":"","background-repeat":"repeat","background-position":"center center","background-size":"auto","background-attachment":"scroll","background-type":"","background-media":"","overlay-type":"","overlay-color":"","overlay-opacity":"","overlay-gradient":""},"mobile":{"background-color":"","background-image":"","background-repeat":"repeat","background-position":"center center","background-size":"auto","background-attachment":"scroll","background-type":"","background-media":"","overlay-type":"","overlay-color":"","overlay-opacity":"","overlay-gradient":""}},"ast-content-background-meta":{"desktop":{"background-color":"var(--ast-global-color-5)","background-image":"","background-repeat":"repeat","background-position":"center center","background-size":"auto","background-attachment":"scroll","background-type":"","background-media":"","overlay-type":"","overlay-color":"","overlay-opacity":"","overlay-gradient":""},"tablet":{"background-color":"var(--ast-global-color-5)","background-image":"","background-repeat":"repeat","background-position":"center center","background-size":"auto","background-attachment":"scroll","background-type":"","background-media":"","overlay-type":"","overlay-color":"","overlay-opacity":"","overlay-gradient":""},"mobile":{"background-color":"var(--ast-global-color-5)","background-image":"","background-repeat":"repeat","background-position":"center center","background-size":"auto","background-attachment":"scroll","background-type":"","background-media":"","overlay-type":"","overlay-color":"","overlay-opacity":"","overlay-gradient":""}}},"product_brand":[],"product_cat":[67,65],"product_tag":[],"class_list":{"0":"post-1372","1":"product","2":"type-product","3":"status-publish","4":"has-post-thumbnail","6":"product_cat-genser","7":"product_cat-stihl-produkter","8":"desktop-align-center","9":"tablet-align-center","10":"mobile-align-center","12":"first","13":"instock","14":"taxable","15":"shipping-taxable","16":"purchasable","17":"product-type-variable"},"_links":{"self":[{"href":"https:\/\/www.supportershoppen.no\/glommenmjosen-skog\/wp-json\/wp\/v2\/product\/1372","targetHints":{"allow":["GET"]}}],"collection":[{"href":"https:\/\/www.supportershoppen.no\/glommenmjosen-skog\/wp-json\/wp\/v2\/product"}],"about":[{"href":"https:\/\/www.supportershoppen.no\/glommenmjosen-skog\/wp-json\/wp\/v2\/types\/product"}],"wp:featuredmedia":[{"embeddable":true,"href":"https:\/\/www.supportershoppen.no\/glommenmjosen-skog\/wp-json\/wp\/v2\/media\/1367"}],"wp:attachment":[{"href":"https:\/\/www.supportershoppen.no\/glommenmjosen-skog\/wp-json\/wp\/v2\/media?parent=1372"}],"wp:term":[{"taxonomy":"product_brand","embeddable":true,"href":"https:\/\/www.supportershoppen.no\/glommenmjosen-skog\/wp-json\/wp\/v2\/product_brand?post=1372"},{"taxonomy":"product_cat","embeddable":true,"href":"https:\/\/www.supportershoppen.no\/glommenmjosen-skog\/wp-json\/wp\/v2\/product_cat?post=1372"},{"taxonomy":"product_tag","embeddable":true,"href":"https:\/\/www.supportershoppen.no\/glommenmjosen-skog\/wp-json\/wp\/v2\/product_tag?post=1372"}],"curies":[{"name":"wp","href":"https:\/\/api.w.org\/{rel}","templated":true}]}}